{"id":8,"date":"2019-12-05T22:17:31","date_gmt":"2019-12-05T20:17:31","guid":{"rendered":"http:\/\/www.smidpetr.eu\/WPress\/?page_id=8"},"modified":"2019-12-07T22:43:28","modified_gmt":"2019-12-07T20:43:28","slug":"uvod","status":"publish","type":"page","link":"https:\/\/www.smidpetr.eu\/WPress\/uvod\/","title":{"rendered":"\u00davodn\u00ed informace!"},"content":{"rendered":"<p>Narodil jsem se v Praze a cel\u00fd \u017eivot \u017eiji na <a title=\"Jiloviste\" href=\"http:\/\/www.jiloviste.cz\" target=\"_blank\" rel=\"noopener noreferrer\">J\u00edlovi\u0161ti<\/a>. Moje \u017eena Luci je z Prahy a v\u011bt\u0161inu \u017eivota pro\u017eila v <a href=\"https:\/\/www.mcpraha16.cz\/\" target=\"_blank\" rel=\"noopener noreferrer\">Radot\u00edn\u011b<\/a>. Nejv\u011bt\u0161\u00ed radosti, ob\u010das i starosti, n\u00e1m v posledn\u00edch letech d\u011bl\u00e1 na\u0161e dcera <a href=\"http:\/\/www.smidpetr.eu\/WPress\/stellinka\/\">Stellinka<\/a>, kter\u00e1 se narodila 11.\u010dervence 2015.<\/p>\n<p>Studoval jsem na <a href=\"https:\/\/www.vse.cz\/\" target=\"_blank\" rel=\"noopener noreferrer\">Vysok\u00e9 \u0161kole ekonomick\u00e9<\/a> v Praze. Studium jsem ukon\u010dil v \u010dervnu 2008.<\/p>\n<p>Po ukon\u010den\u00ed vysok\u00e9 \u0161koly jsem studoval na mezin\u00e1rodn\u00ed \u0161kole v D\u00e1nsku &#8211; <a title=\"IPC\" href=\"http:\/\/www.ipc.dk\" target=\"_blank\" rel=\"noopener noreferrer\">International Peoples College<\/a>.<\/p>\n<p>B\u00fdval jsem \u010dlenem hanspaulsk\u00e9ho t\u00fdmu XXX. V\u00edce o na\u0161em t\u00fdmu <a title=\"Trikrizky\" href=\"http:\/\/www.trikrizky.estranky.cz\" target=\"_blank\" rel=\"noopener noreferrer\">zde<\/a>.<\/p>\n<p>St\u00e1\u017e v <a href=\"http:\/\/www.smidpetr.eu\/WPress\/atlanta\/\">Atlant\u011b<\/a> ji\u017e skon\u010dila a moment\u00e1ln\u011b jsme s Lucinkou zp\u011bt v \u010cR. Po krat\u0161\u00edm bydlen\u00ed v \u010cerno\u0161ic\u00edch a na J\u00edlovi\u0161ti jsme se v \u010dervenci 2018 st\u011bhovali do <a href=\"https:\/\/www.mnisek.cz\/\" target=\"_blank\" rel=\"noopener noreferrer\">Mn\u00ed\u0161ku pod Brdy<\/a>.<\/p>\n","protected":false},"excerpt":{"rendered":"<p>Narodil jsem se v Praze a cel\u00fd \u017eivot \u017eiji na J\u00edlovi\u0161ti. Moje \u017eena Luci je z Prahy a v\u011bt\u0161inu \u017eivota pro\u017eila v Radot\u00edn\u011b. Nejv\u011bt\u0161\u00ed radosti, ob\u010das i starosti, n\u00e1m v posledn\u00edch letech d\u011bl\u00e1 na\u0161e dcera Stellinka, kter\u00e1 se narodila 11.\u010dervence &hellip; <a href=\"https:\/\/www.smidpetr.eu\/WPress\/uvod\/\">Cel\u00fd p\u0159\u00edsp\u011bvek <span class=\"meta-nav\">&rarr;<\/span><\/a><\/p>\n","protected":false},"author":1,"featured_media":245,"parent":0,"menu_order":0,"comment_status":"closed","ping_status":"closed","template":"","meta":[],"_links":{"self":[{"href":"https:\/\/www.smidpetr.eu\/WPress\/wp-json\/wp\/v2\/pages\/8"}],"collection":[{"href":"https:\/\/www.smidpetr.eu\/WPress\/wp-json\/wp\/v2\/pages"}],"about":[{"href":"https:\/\/www.smidpetr.eu\/WPress\/wp-json\/wp\/v2\/types\/page"}],"author":[{"embeddable":true,"href":"https:\/\/www.smidpetr.eu\/WPress\/wp-json\/wp\/v2\/users\/1"}],"replies":[{"embeddable":true,"href":"https:\/\/www.smidpetr.eu\/WPress\/wp-json\/wp\/v2\/comments?post=8"}],"version-history":[{"count":15,"href":"https:\/\/www.smidpetr.eu\/WPress\/wp-json\/wp\/v2\/pages\/8\/revisions"}],"predecessor-version":[{"id":243,"href":"https:\/\/www.smidpetr.eu\/WPress\/wp-json\/wp\/v2\/pages\/8\/revisions\/243"}],"wp:featuredmedia":[{"embeddable":true,"href":"https:\/\/www.smidpetr.eu\/WPress\/wp-json\/wp\/v2\/media\/245"}],"wp:attachment":[{"href":"https:\/\/www.smidpetr.eu\/WPress\/wp-json\/wp\/v2\/media?parent=8"}],"curies":[{"name":"wp","href":"https:\/\/api.w.org\/{rel}","templated":true}]}}