{"id":40,"date":"2015-05-22T22:58:08","date_gmt":"2015-05-22T20:58:08","guid":{"rendered":"http:\/\/www.smidpetr.eu\/WPress\/?page_id=40"},"modified":"2019-12-10T00:02:52","modified_gmt":"2019-12-09T22:02:52","slug":"cyklistika","status":"publish","type":"page","link":"https:\/\/www.smidpetr.eu\/WPress\/sportovni-aktivity\/cyklistika\/","title":{"rendered":"Cyklistika"},"content":{"rendered":"<p style=\"text-align: justify;\">V sou\u010dasn\u00e9 dob\u011b se v\u011bnuji hlavn\u011b cyklistice, p\u0159\u00edpadn\u011b duatlonu (kombinace s b\u011bh\u00e1n\u00edm). Lucinka se zat\u00edm z\u00e1vod\u016fm br\u00e1n\u00ed, ale tak t\u0159eba se mi ji poda\u0159\u00ed p\u0159esv\u011bd\u010dit;-) Od \u0159\u00edjna jsem \u010dlenem t\u00fdmu Toyota Dol\u00e1k MTB, kter\u00fd se dnes jmenuje <a href=\"http:\/\/www.ghostteam.cz\/\">Ghost Team<\/a>. Jde o t\u00fdm s \u010dleny jak profesion\u00e1ln\u00edmi, tak i amat\u00e9rsk\u00fdmi. Uvid\u00edm, zda se mi poda\u0159\u00ed zlep\u0161it st\u00e1vaj\u00edc\u00ed v\u00fdsledky;-) Ale v sez\u00f3n\u011b 2015 to zat\u00edm vypad\u00e1 celkem dob\u0159e:-)<br \/>\nP\u0159ehledn\u00fd souhrn v\u0161ech z\u00e1vod\u016f a v\u00fdsledk\u016f lze nal\u00e9zt v p\u0159ehledn\u00e9 tabulce <a title=\"V\u00fdsledky z\u00e1vod\u016f\" href=\"http:\/\/www.smidpetr.eu\/WPress\/sportovni-aktivity\/cyklistika\/zavody-vysledky\/\" rel=\"noopener noreferrer\">na tomto odkazu<\/a>.<\/p>\n<p style=\"text-align: justify;\">\n","protected":false},"excerpt":{"rendered":"<p>V sou\u010dasn\u00e9 dob\u011b se v\u011bnuji hlavn\u011b cyklistice, p\u0159\u00edpadn\u011b duatlonu (kombinace s b\u011bh\u00e1n\u00edm). Lucinka se zat\u00edm z\u00e1vod\u016fm br\u00e1n\u00ed, ale tak t\u0159eba se mi ji poda\u0159\u00ed p\u0159esv\u011bd\u010dit;-) Od \u0159\u00edjna jsem \u010dlenem t\u00fdmu Toyota Dol\u00e1k MTB, kter\u00fd se dnes jmenuje Ghost Team. Jde &hellip; <a href=\"https:\/\/www.smidpetr.eu\/WPress\/sportovni-aktivity\/cyklistika\/\">Cel\u00fd p\u0159\u00edsp\u011bvek <span class=\"meta-nav\">&rarr;<\/span><\/a><\/p>\n","protected":false},"author":1,"featured_media":212,"parent":36,"menu_order":0,"comment_status":"closed","ping_status":"closed","template":"","meta":[],"_links":{"self":[{"href":"https:\/\/www.smidpetr.eu\/WPress\/wp-json\/wp\/v2\/pages\/40"}],"collection":[{"href":"https:\/\/www.smidpetr.eu\/WPress\/wp-json\/wp\/v2\/pages"}],"about":[{"href":"https:\/\/www.smidpetr.eu\/WPress\/wp-json\/wp\/v2\/types\/page"}],"author":[{"embeddable":true,"href":"https:\/\/www.smidpetr.eu\/WPress\/wp-json\/wp\/v2\/users\/1"}],"replies":[{"embeddable":true,"href":"https:\/\/www.smidpetr.eu\/WPress\/wp-json\/wp\/v2\/comments?post=40"}],"version-history":[{"count":20,"href":"https:\/\/www.smidpetr.eu\/WPress\/wp-json\/wp\/v2\/pages\/40\/revisions"}],"predecessor-version":[{"id":255,"href":"https:\/\/www.smidpetr.eu\/WPress\/wp-json\/wp\/v2\/pages\/40\/revisions\/255"}],"up":[{"embeddable":true,"href":"https:\/\/www.smidpetr.eu\/WPress\/wp-json\/wp\/v2\/pages\/36"}],"wp:featuredmedia":[{"embeddable":true,"href":"https:\/\/www.smidpetr.eu\/WPress\/wp-json\/wp\/v2\/media\/212"}],"wp:attachment":[{"href":"https:\/\/www.smidpetr.eu\/WPress\/wp-json\/wp\/v2\/media?parent=40"}],"curies":[{"name":"wp","href":"https:\/\/api.w.org\/{rel}","templated":true}]}}