{"id":340,"date":"2022-08-06T22:33:48","date_gmt":"2022-08-06T20:33:48","guid":{"rendered":"https:\/\/www.smidpetr.eu\/WPress\/?page_id=340"},"modified":"2023-05-16T22:21:47","modified_gmt":"2023-05-16T20:21:47","slug":"vinisek-zavody","status":"publish","type":"page","link":"https:\/\/www.smidpetr.eu\/WPress\/vinisek-zavody\/","title":{"rendered":"Vin\u00edsek &#8211; z\u00e1vody :-)"},"content":{"rendered":"\r\n<p>Vin\u00edsek se z\u00fa\u010dastnil t\u011bchto z\u00e1vod\u016f:<\/p>\r\n<ul>\r\n<li><a href=\"https:\/\/www.kolopro.cz\/\" target=\"_blank\" rel=\"noopener\">KoloPro\u017divot<\/a><\/li>\r\n<\/ul>\r\n\r\n\r\n\r\n\r\n\r\n<ul>\r\n<li><a href=\"https:\/\/www.iprimacup.cz\/\" target=\"_blank\" rel=\"noopener\">PrimaCup<\/a><\/li>\r\n<\/ul>\r\n<p>Tabulka n\u00ed\u017ee p\u0159ehledn\u011b ukazuje p\u0159ehled v\u00fdsledk\u016f na odr\u00e1\u017eedle.<\/p>\r\n\r\n\r\n\r\n\n<table id=\"tablepress-3\" class=\"tablepress tablepress-id-3\">\n<thead>\n<tr class=\"row-1 odd\">\n\t<th class=\"column-1\">Jm\u00e9no z\u00e1vodu<\/th><th class=\"column-2\">Rok<\/th><th class=\"column-3\">Celkov\u00e9 po\u0159ad\u00ed<\/th><th class=\"column-4\">Po\u0159ad\u00ed v kategorii<\/th><th class=\"column-5\">Fotogalerie<\/th><th class=\"column-6\">V\u00fdsledky<\/th>\n<\/tr>\n<\/thead>\n<tbody class=\"row-hover\">\n<tr class=\"row-2 even\">\n\t<td class=\"column-1\"><a href=\"https:\/\/sportsoft.cz\/cs\/zavod\/results\/7272?rid=6605&amp;eventid=6\">KP\u017d Orl\u00edk Tour Strabag<\/a><\/td><td class=\"column-2\">2022<\/td><td class=\"column-3\">34<\/td><td class=\"column-4\">243<\/td><td class=\"column-5\"><a href=\"https:\/\/www.kolopro.cz\/galerie\/detail\/nova-junior-trophy-orlik-tour-strabag-2022\">KP\u017d Orl\u00edk Tour Strabag - foto<\/a><\/td><td class=\"column-6\"><\/td>\n<\/tr>\n<tr class=\"row-3 odd\">\n\t<td class=\"column-1\"><a href=\"https:\/\/sportsoft.cz\/cs\/zavod\/results\/7275?rid=6695&amp;eventid=6\">KP\u017d \u0160umava<\/a><\/td><td class=\"column-2\">2022<\/td><td class=\"column-3\">25<\/td><td class=\"column-4\">18<\/td><td class=\"column-5\"><a href=\"https:\/\/www.kolopro.cz\/galerie\/detail\/nova-junior-trophy-sumavsky-mtb-maraton-kooperativy\">KP\u017d \u0160umava - foto<\/a><\/td><td class=\"column-6\"><\/td>\n<\/tr>\n<tr class=\"row-4 even\">\n\t<td class=\"column-1\"><a href=\"https:\/\/sportsoft.cz\/cs\/zavod\/results\/7276?rid=6745&amp;eventid=6\">KP\u017d NOVA Vyso\u010dina Arena Tour<\/a><\/td><td class=\"column-2\">2022<\/td><td class=\"column-3\">neklasifikovan<\/td><td class=\"column-4\">neklasifikovan<\/td><td class=\"column-5\"><a href=\"https:\/\/www.kolopro.cz\/galerie\/detail\/nova-junior-tropy-nova-vysocina-arena-tour-2022\">KP\u017d NOVA Vyso\u010dina Arena Tour - foto<\/a><\/td><td class=\"column-6\"><\/td>\n<\/tr>\n<tr class=\"row-5 odd\">\n\t<td class=\"column-1\"><a href=\"https:\/\/sportsoft.cz\/cs\/zavod\/results\/7277?rid=6752&amp;eventid=6\">KP\u017d Manitou \u017delezn\u00e9 hory CARDION<\/a><\/td><td class=\"column-2\">2022<\/td><td class=\"column-3\">27<\/td><td class=\"column-4\">13<\/td><td class=\"column-5\"><a href=\"https:\/\/www.kolopro.cz\/galerie\/detail\/nova-junior-trophy-manitou-zelezne-hory-cardion-2022\">KP\u017d Manitou \u017delezn\u00e9 hory CARDION - foto<\/a><\/td><td class=\"column-6\"><\/td>\n<\/tr>\n<tr class=\"row-6 even\">\n\t<td class=\"column-1\"><a href=\"https:\/\/www.sport-base.cz\/vysledky\/2022\/z-juniorcup-22?flt%5Btrat%5D=A&amp;flt%5Bpohl%5D=&amp;flt%5Bkat%5D=&amp;flt%5Bprijm%5D=&amp;flt%5Bsc%5D=\">Junior Cup<\/a><\/td><td class=\"column-2\">2022<\/td><td class=\"column-3\">19<\/td><td class=\"column-4\">9<\/td><td class=\"column-5\"><a href=\"https:\/\/juniorcup.net\/\">Junior Cup - foto<\/a><\/td><td class=\"column-6\"><\/td>\n<\/tr>\n<tr class=\"row-7 odd\">\n\t<td class=\"column-1\"><a href=\"https:\/\/sportsoft.cz\/cs\/zavod\/results\/7278?rid=6809&amp;eventid=6\">KP\u017d Znojmo Bur\u010d\u00e1k Tour Kooperativy<\/a><\/td><td class=\"column-2\">2022<\/td><td class=\"column-3\">46<\/td><td class=\"column-4\">30<\/td><td class=\"column-5\"><a href=\"https:\/\/www.kolopro.cz\/galerie\/detail\/znojmo-burcak-tour-kooperativy-2022-nedele\">KP\u017d Znojmo Bur\u010d\u00e1k Tour Kooperativy - foto<\/a><\/td><td class=\"column-6\"><\/td>\n<\/tr>\n<tr class=\"row-8 even\">\n\t<td class=\"column-1\"><a href=\"https:\/\/www.iprimacup.cz\/23-hk\/\">Prima Cup Hradec Kr\u00e1lov\u00e9<\/a><\/td><td class=\"column-2\">2023<\/td><td class=\"column-3\">18<\/td><td class=\"column-4\">13<\/td><td class=\"column-5\"><\/td><td class=\"column-6\"><a href=\"https:\/\/results.onlinesystem.cz\/ResultsDetail\/Index\/?id=2737&amp;trackId=7026&amp;split=0\">Prima Cup Hradec Kr\u00e1lov\u00e9<\/a><\/td>\n<\/tr>\n<tr class=\"row-9 odd\">\n\t<td class=\"column-1\"><a href=\"https:\/\/www.da-ba.com\/\">DA-BA<\/a><\/td><td class=\"column-2\">2023<\/td><td class=\"column-3\">4<\/td><td class=\"column-4\">3<\/td><td class=\"column-5\"><\/td><td class=\"column-6\"><a href=\"https:\/\/www.da-ba.com\/wp-content\/uploads\/2023\/05\/2023-05-21_biky_destno-1.pdf\">DA-BA - druh\u00e9 jarn\u00ed cross country<\/a><\/td>\n<\/tr>\n<\/tbody>\n<\/table>\n<!-- #tablepress-3 from cache -->\r\n","protected":false},"excerpt":{"rendered":"<p>Vin\u00edsek se z\u00fa\u010dastnil t\u011bchto z\u00e1vod\u016f: KoloPro\u017divot PrimaCup Tabulka n\u00ed\u017ee p\u0159ehledn\u011b ukazuje p\u0159ehled v\u00fdsledk\u016f na odr\u00e1\u017eedle.<\/p>\n","protected":false},"author":1,"featured_media":0,"parent":0,"menu_order":0,"comment_status":"closed","ping_status":"closed","template":"","meta":[],"_links":{"self":[{"href":"https:\/\/www.smidpetr.eu\/WPress\/wp-json\/wp\/v2\/pages\/340"}],"collection":[{"href":"https:\/\/www.smidpetr.eu\/WPress\/wp-json\/wp\/v2\/pages"}],"about":[{"href":"https:\/\/www.smidpetr.eu\/WPress\/wp-json\/wp\/v2\/types\/page"}],"author":[{"embeddable":true,"href":"https:\/\/www.smidpetr.eu\/WPress\/wp-json\/wp\/v2\/users\/1"}],"replies":[{"embeddable":true,"href":"https:\/\/www.smidpetr.eu\/WPress\/wp-json\/wp\/v2\/comments?post=340"}],"version-history":[{"count":4,"href":"https:\/\/www.smidpetr.eu\/WPress\/wp-json\/wp\/v2\/pages\/340\/revisions"}],"predecessor-version":[{"id":358,"href":"https:\/\/www.smidpetr.eu\/WPress\/wp-json\/wp\/v2\/pages\/340\/revisions\/358"}],"wp:attachment":[{"href":"https:\/\/www.smidpetr.eu\/WPress\/wp-json\/wp\/v2\/media?parent=340"}],"curies":[{"name":"wp","href":"https:\/\/api.w.org\/{rel}","templated":true}]}}