{"id":292,"date":"2020-07-01T22:41:48","date_gmt":"2020-07-01T20:41:48","guid":{"rendered":"http:\/\/www.smidpetr.eu\/WPress\/?page_id=292"},"modified":"2020-07-01T22:45:25","modified_gmt":"2020-07-01T20:45:25","slug":"vinisek","status":"publish","type":"page","link":"https:\/\/www.smidpetr.eu\/WPress\/vinisek\/","title":{"rendered":"Vin\u00edsek :-)"},"content":{"rendered":"\n<div class=\"wp-block-image\"><figure class=\"aligncenter size-large is-resized\"><img decoding=\"async\" loading=\"lazy\" src=\"http:\/\/www.smidpetr.eu\/WPress\/wp-content\/uploads\/2020\/07\/IMG_20200623_131912-1024x768.jpg\" alt=\"\" class=\"wp-image-294\" width=\"400\" height=\"300\" srcset=\"https:\/\/www.smidpetr.eu\/WPress\/wp-content\/uploads\/2020\/07\/IMG_20200623_131912-1024x768.jpg 1024w, https:\/\/www.smidpetr.eu\/WPress\/wp-content\/uploads\/2020\/07\/IMG_20200623_131912-300x225.jpg 300w, https:\/\/www.smidpetr.eu\/WPress\/wp-content\/uploads\/2020\/07\/IMG_20200623_131912-768x576.jpg 768w, https:\/\/www.smidpetr.eu\/WPress\/wp-content\/uploads\/2020\/07\/IMG_20200623_131912-1536x1152.jpg 1536w, https:\/\/www.smidpetr.eu\/WPress\/wp-content\/uploads\/2020\/07\/IMG_20200623_131912-2048x1536.jpg 2048w\" sizes=\"(max-width: 400px) 100vw, 400px\" \/><figcaption>Vin\u00edsek:-)<\/figcaption><\/figure><\/div>\n\n\n\n<p>Dne 19.6.2020 jsme s man\u017eelkou Luci\u00ed za\u017eili druhou obrovskou rodinnou radost, proto\u017ee se roz\u0161\u00ed\u0159ily na\u0161e \u0159ady. V tento den (p\u00e1tek) se v 10:58 v Motolsk\u00e9 nemocnici narodil n\u00e1\u0161 kr\u00e1sn\u00fd syn Vin\u00edsek (ofic\u00e1ln\u00ed jm\u00e9no Vincent \u0160m\u00edd). Vin\u00edsek p\u0159i porodu v\u00e1\u017eil 3700 gram\u016f a m\u011b\u0159il 51 cm. Vin\u00edsek je v po\u0159\u00e1dku a zdr\u00e1v, co\u017e n\u00e1s t\u011b\u0161\u00ed \u00fapln\u011b nejv\u00edce.<\/p>\n\n\n\n<p>V t\u00e9to tabulce jsou vid\u011bt m\u00edry Vin\u00edska, jak rostl po narozen\u00ed b\u011bhem prvn\u00edho roku:<\/p>\n\n\n\n<table border='2' style='text-align:center; border-style: solid;'>\r\n<tr style='font-size: 18px; text-style: bold;'>\r\n<th>Datum kontroly<\/th>\r\n<th>V\u00e1ha<\/th>\r\n<th>V\u00fd\u0161ka<\/th>\r\n<\/tr><tr font-size: 15px><td>2020-06-19<\/td><td>3700<\/td><td>51<\/td><\/tr><tr font-size: 15px><td>2020-06-22<\/td><td>3480<\/td><td>51<\/td><\/tr><tr font-size: 15px><td>2020-06-23<\/td><td>3520<\/td><td>51<\/td><\/tr><tr font-size: 15px><td>2020-06-30<\/td><td>3750<\/td><td>53<\/td><\/tr><\/table>\n","protected":false},"excerpt":{"rendered":"<p>Dne 19.6.2020 jsme s man\u017eelkou Luci\u00ed za\u017eili druhou obrovskou rodinnou radost, proto\u017ee se roz\u0161\u00ed\u0159ily na\u0161e \u0159ady. V tento den (p\u00e1tek) se v 10:58 v Motolsk\u00e9 nemocnici narodil n\u00e1\u0161 kr\u00e1sn\u00fd syn Vin\u00edsek (ofic\u00e1ln\u00ed jm\u00e9no Vincent \u0160m\u00edd). Vin\u00edsek p\u0159i porodu v\u00e1\u017eil 3700 &hellip; <a href=\"https:\/\/www.smidpetr.eu\/WPress\/vinisek\/\">Cel\u00fd p\u0159\u00edsp\u011bvek <span class=\"meta-nav\">&rarr;<\/span><\/a><\/p>\n","protected":false},"author":1,"featured_media":0,"parent":0,"menu_order":0,"comment_status":"closed","ping_status":"closed","template":"","meta":[],"_links":{"self":[{"href":"https:\/\/www.smidpetr.eu\/WPress\/wp-json\/wp\/v2\/pages\/292"}],"collection":[{"href":"https:\/\/www.smidpetr.eu\/WPress\/wp-json\/wp\/v2\/pages"}],"about":[{"href":"https:\/\/www.smidpetr.eu\/WPress\/wp-json\/wp\/v2\/types\/page"}],"author":[{"embeddable":true,"href":"https:\/\/www.smidpetr.eu\/WPress\/wp-json\/wp\/v2\/users\/1"}],"replies":[{"embeddable":true,"href":"https:\/\/www.smidpetr.eu\/WPress\/wp-json\/wp\/v2\/comments?post=292"}],"version-history":[{"count":3,"href":"https:\/\/www.smidpetr.eu\/WPress\/wp-json\/wp\/v2\/pages\/292\/revisions"}],"predecessor-version":[{"id":296,"href":"https:\/\/www.smidpetr.eu\/WPress\/wp-json\/wp\/v2\/pages\/292\/revisions\/296"}],"wp:attachment":[{"href":"https:\/\/www.smidpetr.eu\/WPress\/wp-json\/wp\/v2\/media?parent=292"}],"curies":[{"name":"wp","href":"https:\/\/api.w.org\/{rel}","templated":true}]}}