{"id":246,"date":"2019-12-07T22:46:53","date_gmt":"2019-12-07T20:46:53","guid":{"rendered":"http:\/\/www.smidpetr.eu\/WPress\/?page_id=246"},"modified":"2019-12-07T22:51:57","modified_gmt":"2019-12-07T20:51:57","slug":"fotogalerie","status":"publish","type":"page","link":"https:\/\/www.smidpetr.eu\/WPress\/fotogalerie\/","title":{"rendered":"Fotogalerie"},"content":{"rendered":"\n<p>Fotogalerie nen\u00ed p\u0159\u00edmou sou\u010d\u00e1st\u00ed t\u011bchto str\u00e1nek, nach\u00e1z\u00ed se na <a href=\"http:\/\/www.smidpetr.eu\/photo\" target=\"_blank\" rel=\"noreferrer noopener\" aria-label=\"tomto odkazu (otev\u0159e se na nov\u00e9 z\u00e1lo\u017ece)\">tomto odkazu<\/a>. <\/p>\n","protected":false},"excerpt":{"rendered":"<p>Fotogalerie nen\u00ed p\u0159\u00edmou sou\u010d\u00e1st\u00ed t\u011bchto str\u00e1nek, nach\u00e1z\u00ed se na tomto odkazu.<\/p>\n","protected":false},"author":1,"featured_media":249,"parent":0,"menu_order":1,"comment_status":"open","ping_status":"closed","template":"","meta":[],"_links":{"self":[{"href":"https:\/\/www.smidpetr.eu\/WPress\/wp-json\/wp\/v2\/pages\/246"}],"collection":[{"href":"https:\/\/www.smidpetr.eu\/WPress\/wp-json\/wp\/v2\/pages"}],"about":[{"href":"https:\/\/www.smidpetr.eu\/WPress\/wp-json\/wp\/v2\/types\/page"}],"author":[{"embeddable":true,"href":"https:\/\/www.smidpetr.eu\/WPress\/wp-json\/wp\/v2\/users\/1"}],"replies":[{"embeddable":true,"href":"https:\/\/www.smidpetr.eu\/WPress\/wp-json\/wp\/v2\/comments?post=246"}],"version-history":[{"count":2,"href":"https:\/\/www.smidpetr.eu\/WPress\/wp-json\/wp\/v2\/pages\/246\/revisions"}],"predecessor-version":[{"id":248,"href":"https:\/\/www.smidpetr.eu\/WPress\/wp-json\/wp\/v2\/pages\/246\/revisions\/248"}],"wp:featuredmedia":[{"embeddable":true,"href":"https:\/\/www.smidpetr.eu\/WPress\/wp-json\/wp\/v2\/media\/249"}],"wp:attachment":[{"href":"https:\/\/www.smidpetr.eu\/WPress\/wp-json\/wp\/v2\/media?parent=246"}],"curies":[{"name":"wp","href":"https:\/\/api.w.org\/{rel}","templated":true}]}}