{"id":19,"date":"2015-05-19T22:19:02","date_gmt":"2015-05-19T20:19:02","guid":{"rendered":"http:\/\/www.smidpetr.eu\/WPress\/?page_id=19"},"modified":"2019-12-03T00:08:42","modified_gmt":"2019-12-02T22:08:42","slug":"svatbalucipeta","status":"publish","type":"page","link":"https:\/\/www.smidpetr.eu\/WPress\/svatbalucipeta\/","title":{"rendered":"Svatba Luci a Peti"},"content":{"rendered":"<p>P\u0159\u00edprava svatby je n\u011bco, co n\u00e1s te\u010f dostate\u010dn\u011b zam\u011bstn\u00e1v\u00e1;-) V\u011bc\u00ed, co je t\u0159eba za\u0159\u00eddit, je hodn\u011b! Ale u\u017e toho m\u00e1me dost za\u0159\u00edzen\u00e9ho, tak\u017ee seznam se pomalu, ale jist\u011b, sni\u017euje&#8230;:-)<\/p>\n<p><strong>Term\u00edn svatby: p\u00e1tek 20.6.2014 ve 14 hodin<\/strong><\/p>\n<p><strong>M\u00edsto ob\u0159adu:<\/strong><\/p>\n<p>Barokn\u00ed are\u00e1l Skalka u Mn\u00ed\u0161ku pod Brdy &#8211; v\u00edce o are\u00e1lu <a title=\"Skalka-popis\" href=\"http:\/\/www.mnisek.cz\/obcan\/informacni-servis\/kulturni-servis-mesta\/historie-pamatky\/\" target=\"_blank\" rel=\"noopener noreferrer\">zde<\/a> a p\u0159\u00edpadn\u011b i <a title=\"Skalka-popis\" href=\"http:\/\/cs.wikipedia.org\/wiki\/Skalka_%28Mn%C3%AD%C5%A1ek_pod_Brdy%29\" target=\"_blank\" rel=\"noopener noreferrer\">na tomto odkazu<\/a>. Za\u010d\u00e1tek svatebn\u00edho ob\u0159adu je ve 14 hod.<\/p>\n<p><strong>M\u00edsto pro hostinu:<\/strong><br \/>\nRestaurace <a title=\"Liskovka\" href=\"http:\/\/www.liskovka.cz\/\" target=\"_blank\" rel=\"noopener noreferrer\">L\u00edskovka<\/a> v Mn\u00ed\u0161ku pod Brdy &#8211; velice p\u011bkn\u00e1, modern\u00ed restaurace s p\u0159\u00edjemn\u00fdm a ochotn\u00fdm provozn\u00edm a kvalitn\u00edm j\u00eddlem (sami jsme si ho zkusili a byli jsme nad m\u00edru spokojeni:-) Tak\u017ee ur\u010dit\u011b spr\u00e1vn\u00fd v\u00fdb\u011br;-)) Pl\u00e1novan\u00fd za\u010d\u00e1tek svatebn\u00ed hostiny je kolem 16 hod. Ve\u010dern\u00ed raut za\u010dne v 19:30, prvn\u00ed novoman\u017eelsk\u00fd tanec je pl\u00e1nov\u00e1n na 19hod.<\/p>\n<p><strong>Svatebn\u00ed dary:<\/strong><br \/>\nMno\u017e\u00ed se n\u00e1m ji\u017e dotazy na svatebn\u00ed dary. P\u0159edem v\u0161em d\u011bkujeme za tyto mil\u00e9 dotazy;-) S Luci jsme o tom p\u0159em\u00fd\u0161leli. Jeliko\u017e spolu ji\u017e n\u011bjakou dobu bydl\u00edme, m\u00e1me dom\u00e1cnost v\u00edcem\u00e9n\u011b za\u0159\u00edzenou. Tak\u017ee co se t\u00fd\u010de svatebn\u00edch dar\u016f, ur\u010dit\u011b n\u00e1m velkou radost ud\u011bl\u00e1 finan\u010dn\u00ed p\u0159\u00edsp\u011bv\u011bk, kter\u00fd bychom mohli vyu\u017e\u00edt nap\u0159. na na\u0161i pl\u00e1novanou svatebn\u00ed cestu. Na tu se chyst\u00e1me hned po svatb\u011b v pond\u011bl\u00ed 23.\u010dervna&#8230;a let\u00edme na Sr\u00ed Lanku. Informace o Sr\u00ed Lance nap\u0159. <a title=\"Sri Lanka\" href=\"http:\/\/cs.wikipedia.org\/wiki\/Sr%C3%AD_Lanka\" target=\"_blank\" rel=\"noopener noreferrer\">zde<\/a> nebo <a title=\"Sri Lanka\" href=\"http:\/\/www.hedvabnastezka.cz\/zeme\/asie\/sri-lanka\/pruvodce\/\" target=\"_blank\" rel=\"noopener noreferrer\">zde<\/a>.<br \/>\nCo se t\u00fd\u010de t\u011bch praktick\u00fdch d\u00e1rk\u016f, tak jsme p\u0159ece jen jeden na\u0161li. V na\u0161\u00ed dom\u00e1cnosti chyb\u00ed od\u0161\u0165av\u0148ova\u010d, kter\u00fd bychom r\u00e1di. L\u00edbil by se n\u00e1m tento Moulinex.<\/p>\n<p><strong>Hudba:<\/strong><br \/>\nNa hostin\u011b budeme m\u00edt \u017eivou kapelu. Po pe\u010dliv\u00e9m hled\u00e1n\u00ed jsme zvolili kapelu <a title=\"Bosaci\" href=\"http:\/\/www.bosaci.cz\/\" target=\"_blank\" rel=\"noopener noreferrer\">Bos\u00e1ci<\/a>.<\/p>\n<p><strong>P\u0159edsvatebn\u00ed focen\u00ed:<\/strong><br \/>\nSvatbu jsme sice je\u0161t\u011b nem\u011bli, ale u\u017e jsme absolvovali jednu &#8220;svatebn\u00ed&#8221; z\u00e1le\u017eitost. P\u0159ed n\u011bkolika t\u00fddny jsme byli nav\u0161t\u00edvit v Brn\u011b na\u0161eho fotografa a absolvovali gener\u00e1ln\u00ed zkou\u0161ku;-) V\u00fdsledek tohoto focen\u00ed je <a title=\"Predsvatebni foto\" href=\"http:\/\/kryspin.cz\/blog\/predsvatebni-fotografie-petra-a-lucky-na-stranske-skale\/\" target=\"_blank\" rel=\"noopener noreferrer\">zde<\/a>.<\/p>\n<p>Pokud m\u00e1te n\u011bjak\u00e9 dotazy t\u00fdkaj\u00edc\u00ed se svatby, m\u016f\u017eete kontaktovat m\u011b na emailu smidpetr@centrum.cz nebo Luci na emailu lucie.vejmelkova@gmail.com.<\/p>\n","protected":false},"excerpt":{"rendered":"<p>P\u0159\u00edprava svatby je n\u011bco, co n\u00e1s te\u010f dostate\u010dn\u011b zam\u011bstn\u00e1v\u00e1;-) V\u011bc\u00ed, co je t\u0159eba za\u0159\u00eddit, je hodn\u011b! Ale u\u017e toho m\u00e1me dost za\u0159\u00edzen\u00e9ho, tak\u017ee seznam se pomalu, ale jist\u011b, sni\u017euje&#8230;:-) Term\u00edn svatby: p\u00e1tek 20.6.2014 ve 14 hodin M\u00edsto ob\u0159adu: Barokn\u00ed are\u00e1l &hellip; <a href=\"https:\/\/www.smidpetr.eu\/WPress\/svatbalucipeta\/\">Cel\u00fd p\u0159\u00edsp\u011bvek <span class=\"meta-nav\">&rarr;<\/span><\/a><\/p>\n","protected":false},"author":1,"featured_media":210,"parent":0,"menu_order":1,"comment_status":"closed","ping_status":"closed","template":"","meta":[],"_links":{"self":[{"href":"https:\/\/www.smidpetr.eu\/WPress\/wp-json\/wp\/v2\/pages\/19"}],"collection":[{"href":"https:\/\/www.smidpetr.eu\/WPress\/wp-json\/wp\/v2\/pages"}],"about":[{"href":"https:\/\/www.smidpetr.eu\/WPress\/wp-json\/wp\/v2\/types\/page"}],"author":[{"embeddable":true,"href":"https:\/\/www.smidpetr.eu\/WPress\/wp-json\/wp\/v2\/users\/1"}],"replies":[{"embeddable":true,"href":"https:\/\/www.smidpetr.eu\/WPress\/wp-json\/wp\/v2\/comments?post=19"}],"version-history":[{"count":5,"href":"https:\/\/www.smidpetr.eu\/WPress\/wp-json\/wp\/v2\/pages\/19\/revisions"}],"predecessor-version":[{"id":211,"href":"https:\/\/www.smidpetr.eu\/WPress\/wp-json\/wp\/v2\/pages\/19\/revisions\/211"}],"wp:featuredmedia":[{"embeddable":true,"href":"https:\/\/www.smidpetr.eu\/WPress\/wp-json\/wp\/v2\/media\/210"}],"wp:attachment":[{"href":"https:\/\/www.smidpetr.eu\/WPress\/wp-json\/wp\/v2\/media?parent=19"}],"curies":[{"name":"wp","href":"https:\/\/api.w.org\/{rel}","templated":true}]}}