{"id":170,"date":"2019-11-23T23:54:57","date_gmt":"2019-11-23T21:54:57","guid":{"rendered":"http:\/\/www.smidpetr.eu\/WPress\/?page_id=170"},"modified":"2020-01-12T23:46:26","modified_gmt":"2020-01-12T21:46:26","slug":"prehled-zavodu","status":"publish","type":"page","link":"https:\/\/www.smidpetr.eu\/WPress\/prehled-zavodu\/","title":{"rendered":"Stellinka &#8211; z\u00e1vody"},"content":{"rendered":"\n<p>Stellinka se z\u00fa\u010dastnila t\u011bchto z\u00e1vod\u016f: <\/p>\n\n\n\n<ul><li><a rel=\"noreferrer noopener\" href=\"http:\/\/www.50ceskyraj.cz\/\" target=\"_blank\">Author \u010cesk\u00fd r\u00e1j \u2013 Bran\u017ee\u017e <\/a> <\/li><li><a href=\"https:\/\/www.kolopro.cz\/zavody\/race-575-praha-karlstejn-tour-ceske-sporitelny\">KP\u017d Karl\u0161tejn<\/a><\/li><li><a href=\"https:\/\/www.kolopro.cz\/zavody\/race-570-mlada-boleslav-tour-skoda-auto\">KP\u017d Mlad\u00e1 Boleslav<\/a><\/li><li><a href=\"http:\/\/www.50bezdez.cz\/\">Author Bezd\u011bz<\/a><\/li><li><a href=\"https:\/\/www.kolopro.cz\/zavody\/race-572-orlik-tour-kooperativy\">KP\u017d Orl\u00edk<\/a> <\/li><li><a href=\"https:\/\/www.kolopro.cz\/zavody\/race-569-ct-trans-brdy\">KP\u017d Brdy<\/a><\/li><li><a href=\"https:\/\/www.ghost-bikes.cz\/clanek\/prvni-rocnik-junior-cup-je-za-nami-a-ze-to-byla-detska-jizda-\/185\">Junior Cup Hradec Kr\u00e1lov\u00e9 <\/a><\/li><li><a href=\"https:\/\/www.kolopro.cz\/zavody\/race-582-znojmo-burcak-tour-kooperativy\">KP\u017d Znojmo<\/a><\/li><li><a href=\"http:\/\/www.novacup.cz\/zavody-2019\/mikulov\/\">NovaCup Mikulov <\/a><\/li><\/ul>\n\n\n\n<p>Tabulka n\u00ed\u017ee p\u0159ehledn\u011b ukazuje p\u0159ehled v\u00fdsledk\u016f (<em><strong>Junior Cup Hradec Kr\u00e1lov\u00e9 a NovaCup Mikulov byly prvn\u00ed z\u00e1vody na klasick\u00e9m kole<\/strong><\/em>, ostatn\u00ed na odr\u00e1\u017eedle). <\/p>\n\n\n\n\n<table id=\"tablepress-2\" class=\"tablepress tablepress-id-2\">\n<thead>\n<tr class=\"row-1 odd\">\n\t<th class=\"column-1\">Jm\u00e9no z\u00e1vodu<\/th><th class=\"column-2\">Rok<\/th><th class=\"column-3\">Celkov\u00e9 po\u0159ad\u00ed<\/th><th class=\"column-4\">Po\u0159ad\u00ed v kategorii<\/th><th class=\"column-5\">Fotogalerie<\/th><th class=\"column-6\">V\u00fdsledky<\/th>\n<\/tr>\n<\/thead>\n<tbody class=\"row-hover\">\n<tr class=\"row-2 even\">\n\t<td class=\"column-1\"><a href=\"http:\/\/www.50ceskyraj.cz\/\">Author \u010cesk\u00fd r\u00e1j \u2013 Bran\u017ee\u017e<\/a><\/td><td class=\"column-2\">2019<\/td><td class=\"column-3\">1<\/td><td class=\"column-4\">1<\/td><td class=\"column-5\"><\/td><td class=\"column-6\"><\/td>\n<\/tr>\n<tr class=\"row-3 odd\">\n\t<td class=\"column-1\">KP\u017d Karl\u0161tejn<\/td><td class=\"column-2\">2019<\/td><td class=\"column-3\">3<\/td><td class=\"column-4\">3<\/td><td class=\"column-5\"><\/td><td class=\"column-6\"><\/td>\n<\/tr>\n<tr class=\"row-4 even\">\n\t<td class=\"column-1\">KP\u017d Mlad\u00e1 Boleslav<\/td><td class=\"column-2\">2019<\/td><td class=\"column-3\">3<\/td><td class=\"column-4\">3<\/td><td class=\"column-5\"><\/td><td class=\"column-6\"><\/td>\n<\/tr>\n<tr class=\"row-5 odd\">\n\t<td class=\"column-1\">Author Bezd\u011bz<\/td><td class=\"column-2\">2019<\/td><td class=\"column-3\">2<\/td><td class=\"column-4\">2<\/td><td class=\"column-5\"><\/td><td class=\"column-6\"><\/td>\n<\/tr>\n<tr class=\"row-6 even\">\n\t<td class=\"column-1\">KP\u017d Orl\u00edk<\/td><td class=\"column-2\">2019<\/td><td class=\"column-3\">2<\/td><td class=\"column-4\">2<\/td><td class=\"column-5\"><\/td><td class=\"column-6\"><\/td>\n<\/tr>\n<tr class=\"row-7 odd\">\n\t<td class=\"column-1\">KP\u017d Brdy<\/td><td class=\"column-2\">2019<\/td><td class=\"column-3\">4<\/td><td class=\"column-4\">4<\/td><td class=\"column-5\"><\/td><td class=\"column-6\"><\/td>\n<\/tr>\n<tr class=\"row-8 even\">\n\t<td class=\"column-1\">Junior Cup Hradec Kr\u00e1lov\u00e9<\/td><td class=\"column-2\">2019<\/td><td class=\"column-3\">4<\/td><td class=\"column-4\">4<\/td><td class=\"column-5\"><\/td><td class=\"column-6\"><\/td>\n<\/tr>\n<tr class=\"row-9 odd\">\n\t<td class=\"column-1\">KP\u017d Znojmo<\/td><td class=\"column-2\">2019<\/td><td class=\"column-3\">1<\/td><td class=\"column-4\">1<\/td><td class=\"column-5\"><\/td><td class=\"column-6\"><\/td>\n<\/tr>\n<tr class=\"row-10 even\">\n\t<td class=\"column-1\">NovaCup Mikulov<\/td><td class=\"column-2\">2019<\/td><td class=\"column-3\">6<\/td><td class=\"column-4\">6<\/td><td class=\"column-5\"><\/td><td class=\"column-6\"><\/td>\n<\/tr>\n<tr class=\"row-11 odd\">\n\t<td class=\"column-1\"><a href=\"https:\/\/results.onlinesystem.cz\/upload\/2020\/1968\/D%C4%9Bti%20-%201%20okruh.pdf\">NovaCup S\u00e1zava<\/a><\/td><td class=\"column-2\">2020<\/td><td class=\"column-3\">9<\/td><td class=\"column-4\">9<\/td><td class=\"column-5\"><\/td><td class=\"column-6\"><\/td>\n<\/tr>\n<tr class=\"row-12 even\">\n\t<td class=\"column-1\"><a href=\"https:\/\/sportsoft.cz\/cs\/zavod\/results\/5145?rid=4618&amp;eventid=5\">KP\u017d Orl\u00edk<\/a><\/td><td class=\"column-2\">2020<\/td><td class=\"column-3\">1<\/td><td class=\"column-4\">1<\/td><td class=\"column-5\"><\/td><td class=\"column-6\"><\/td>\n<\/tr>\n<tr class=\"row-13 odd\">\n\t<td class=\"column-1\"><a href=\"https:\/\/sportsoft.cz\/cs\/zavod\/results\/5148?rid=4657&amp;eventid=5\">KP\u017d Transbrdy<\/a><\/td><td class=\"column-2\">2020<\/td><td class=\"column-3\">4<\/td><td class=\"column-4\">4<\/td><td class=\"column-5\"><\/td><td class=\"column-6\"><\/td>\n<\/tr>\n<tr class=\"row-14 even\">\n\t<td class=\"column-1\"><a href=\"https:\/\/sportsoft.cz\/cs\/zavod\/results\/5151?rid=4698&amp;eventid=5\">KP\u017d Vyso\u010dina<\/a><\/td><td class=\"column-2\">2020<\/td><td class=\"column-3\">4<\/td><td class=\"column-4\">4<\/td><td class=\"column-5\"><\/td><td class=\"column-6\"><\/td>\n<\/tr>\n<tr class=\"row-15 odd\">\n\t<td class=\"column-1\"><a href=\"https:\/\/www.sport-base.cz\/vysledky\/2020\/z-beckov-deti-20?flt%5Bpohl%5D=&amp;flt%5Bkat%5D=ZP%23A3&amp;flt%5Btrat%5D=&amp;flt%5Bprijm%5D=&amp;flt%5Bsc%5D=\">XCO Beckov<\/a><\/td><td class=\"column-2\">2020<\/td><td class=\"column-3\">5<\/td><td class=\"column-4\">5<\/td><td class=\"column-5\"><\/td><td class=\"column-6\"><\/td>\n<\/tr>\n<tr class=\"row-16 even\">\n\t<td class=\"column-1\"><a href=\"https:\/\/www.sport-base.cz\/vysledky\/2020\/z-juniorcup-hk-20?flt%5Bpohl%5D=&amp;flt%5Bkat%5D=CZ%23C&amp;flt%5Btrat%5D=&amp;flt%5Bprijm%5D=&amp;flt%5Bsc%5D=\">Junior Cup<\/a><\/td><td class=\"column-2\">2020<\/td><td class=\"column-3\">2<\/td><td class=\"column-4\">2<\/td><td class=\"column-5\"><\/td><td class=\"column-6\"><\/td>\n<\/tr>\n<tr class=\"row-17 odd\">\n\t<td class=\"column-1\"><a href=\"https:\/\/www.sport-base.cz\/vysledky\/2020\/z-vangilern-20?flt%5Bpohl%5D=&amp;flt%5Bkat%5D=D3%23D3&amp;flt%5Btrat%5D=&amp;flt%5Bprijm%5D=&amp;flt%5Bsc%5D=\">Kamenick\u00fd MTB maraton Van Gillern Cup<\/a><\/td><td class=\"column-2\">2020<\/td><td class=\"column-3\">2<\/td><td class=\"column-4\">1<\/td><td class=\"column-5\"><\/td><td class=\"column-6\"><\/td>\n<\/tr>\n<tr class=\"row-18 even\">\n\t<td class=\"column-1\"><a href=\"https:\/\/www.kolopro.cz\/zavody\/race-613-kona-transbrody\">KP\u017d Transbrody<\/a><\/td><td class=\"column-2\">2020<\/td><td class=\"column-3\">3<\/td><td class=\"column-4\">3<\/td><td class=\"column-5\"><\/td><td class=\"column-6\"><\/td>\n<\/tr>\n<tr class=\"row-19 odd\">\n\t<td class=\"column-1\"><a href=\"https:\/\/sportsoft.cz\/cs\/zavod\/results\/5154?rid=4769&amp;eventid=5\">KP\u017d Plze\u0148<\/a><\/td><td class=\"column-2\">2020<\/td><td class=\"column-3\">7<\/td><td class=\"column-4\">3<\/td><td class=\"column-5\"><\/td><td class=\"column-6\"><\/td>\n<\/tr>\n<tr class=\"row-20 even\">\n\t<td class=\"column-1\"><a href=\"http:\/\/www.cyklomaraton.cz\/propozice.html\">Hou\u0161teck\u00fd cyklomaraton<\/a><\/td><td class=\"column-2\">2021<\/td><td class=\"column-3\">1<\/td><td class=\"column-4\">1<\/td><td class=\"column-5\"><\/td><td class=\"column-6\"><\/td>\n<\/tr>\n<tr class=\"row-21 odd\">\n\t<td class=\"column-1\"><a href=\"https:\/\/sportsoft.cz\/cs\/zavod\/results\/5681?rid=4945&amp;eventid=4\">Bikemaraton Dr\u00e1sal<\/a><\/td><td class=\"column-2\">2021<\/td><td class=\"column-3\">10<\/td><td class=\"column-4\">10<\/td><td class=\"column-5\"><\/td><td class=\"column-6\"><\/td>\n<\/tr>\n<tr class=\"row-22 even\">\n\t<td class=\"column-1\"><a href=\"https:\/\/sportsoft.cz\/cs\/zavod\/results\/5682?rid=4946&amp;eventid=4\">Trans Brdy<\/a><\/td><td class=\"column-2\">2021<\/td><td class=\"column-3\">6<\/td><td class=\"column-4\">6<\/td><td class=\"column-5\"><a href=\"https:\/\/www.kolopro.cz\/galerie\/detail\/nova-junior-trophy-trans-brdy-s-211-2021\">Fotogalerie - Brdy<\/a><\/td><td class=\"column-6\"><\/td>\n<\/tr>\n<tr class=\"row-23 odd\">\n\t<td class=\"column-1\"><a href=\"https:\/\/sportsoft.cz\/cs\/zavod\/results\/5683?rid=4947&amp;eventid=4\">Bikemaraton Beroun Kooperativy<\/a><\/td><td class=\"column-2\">2021<\/td><td class=\"column-3\">5<\/td><td class=\"column-4\">5<\/td><td class=\"column-5\"><a href=\"https:\/\/www.kolopro.cz\/galerie\/detail\/nova-junior-trophy-bikemaraton-beroun-kooperativy-2021\">Fotogalerie - Beroun<\/a><\/td><td class=\"column-6\"><\/td>\n<\/tr>\n<tr class=\"row-24 even\">\n\t<td class=\"column-1\"><a href=\"https:\/\/www.sport-base.cz\/vysledky\/2021\/z-juniorcup-21?flt%5Bpohl%5D=&amp;flt%5Bkat%5D=EZ2%23DE&amp;flt%5Bprijm%5D=&amp;flt%5Bsc%5D=\">Junior Cup<\/a><\/td><td class=\"column-2\">2021<\/td><td class=\"column-3\">1<\/td><td class=\"column-4\">1<\/td><td class=\"column-5\"><a href=\"https:\/\/www.sport-base.cz\/vysledky\/2021\/z-juniorcup-casovka-21?flt%5Bpohl%5D=&amp;flt%5Bkat%5D=EZ2%23DE&amp;flt%5Bprijm%5D=&amp;flt%5Bsc%5D=\">Junior Cup - \u010dasovka<\/a><\/td><td class=\"column-6\"><\/td>\n<\/tr>\n<tr class=\"row-25 odd\">\n\t<td class=\"column-1\"><a href=\"http:\/\/www.da-ba.com\/zavody\/povltavsky-bikersky-pohar\/leto\/\">Da-Ba MTB<\/a><\/td><td class=\"column-2\">2021<\/td><td class=\"column-3\">1<\/td><td class=\"column-4\">1<\/td><td class=\"column-5\"><\/td><td class=\"column-6\"><\/td>\n<\/tr>\n<tr class=\"row-26 even\">\n\t<td class=\"column-1\"><a href=\"https:\/\/results.onlinesystem.cz\/ResultsDetail\/Index\/?id=2173&amp;trackId=4947&amp;split=0\">Prima Cup HK - 2 kola<\/a><\/td><td class=\"column-2\">2021<\/td><td class=\"column-3\">5<\/td><td class=\"column-4\">3<\/td><td class=\"column-5\">Foto na FB<\/td><td class=\"column-6\"><\/td>\n<\/tr>\n<tr class=\"row-27 odd\">\n\t<td class=\"column-1\"><a href=\"https:\/\/sportsoft.cz\/cs\/zavod\/results\/5691?rid=4955&amp;eventid=4\">KPZ Ralsko<\/a><\/td><td class=\"column-2\">2021<\/td><td class=\"column-3\">9<\/td><td class=\"column-4\">9<\/td><td class=\"column-5\"><a href=\"https:\/\/www.kolopro.cz\/galerie\/detail\/nova-junior-trophy-ralsko-mtb-tour-skoda-auto-2021\">Foto<\/a><\/td><td class=\"column-6\"><\/td>\n<\/tr>\n<tr class=\"row-28 even\">\n\t<td class=\"column-1\"><a href=\"https:\/\/results.onlinesystem.cz\/ResultsDetail\/Index\/?id=2521&amp;trackId=5269&amp;split=0\">ALPA HRADEC KR\u00c1LOV\u00c9<\/a><\/td><td class=\"column-2\">2022<\/td><td class=\"column-3\">11<\/td><td class=\"column-4\">4<\/td><td class=\"column-5\"><a href=\"https:\/\/www.facebook.com\/primacup.cz\/photos\/a.3182826798642473\/3182815405310279\">FB foto<\/a><\/td><td class=\"column-6\"><\/td>\n<\/tr>\n<tr class=\"row-29 odd\">\n\t<td class=\"column-1\"><a href=\"https:\/\/sportsoft.cz\/cs\/zavod\/results\/7271?rid=6570&amp;eventid=4\">Mlad\u00e1 Boleslav Tour \u0160KODA AUTO<\/a><\/td><td class=\"column-2\">2022<\/td><td class=\"column-3\">8<\/td><td class=\"column-4\">3<\/td><td class=\"column-5\"><\/td><td class=\"column-6\"><\/td>\n<\/tr>\n<tr class=\"row-30 even\">\n\t<td class=\"column-1\"><a href=\"https:\/\/sportsoft.cz\/cs\/zavod\/results\/7272?rid=6605&amp;eventid=4\">KP\u017d Orl\u00edk Strabag<\/a><\/td><td class=\"column-2\">2022<\/td><td class=\"column-3\">5<\/td><td class=\"column-4\">2<\/td><td class=\"column-5\"><a href=\"https:\/\/www.kolopro.cz\/galerie\/detail\/nova-junior-trophy-orlik-tour-strabag-2022\">KPZ Junior Trophy<\/a><\/td><td class=\"column-6\"><\/td>\n<\/tr>\n<tr class=\"row-31 odd\">\n\t<td class=\"column-1\"><a href=\"https:\/\/sportsoft.cz\/cs\/zavod\/results\/7273?rid=6650&amp;eventid=4\">KP\u017d Dr\u00e1sal<\/a><\/td><td class=\"column-2\">2022<\/td><td class=\"column-3\">3<\/td><td class=\"column-4\">3<\/td><td class=\"column-5\"><a href=\"https:\/\/www.kolopro.cz\/galerie\/detail\/nova-junior-trophy-nova-bikemaraton-drasal-2022\">KPZ Drasal<\/a><\/td><td class=\"column-6\"><\/td>\n<\/tr>\n<tr class=\"row-32 even\">\n\t<td class=\"column-1\"><a href=\"https:\/\/sportsoft.cz\/cs\/zavod\/results\/7275?rid=6695&amp;eventid=4\">KP\u017d \u0160umava<\/a><\/td><td class=\"column-2\">2022<\/td><td class=\"column-3\">10<\/td><td class=\"column-4\">4<\/td><td class=\"column-5\"><a href=\"https:\/\/www.kolopro.cz\/galerie\/detail\/nova-junior-trophy-sumavsky-mtb-maraton-kooperativy\">KP\u017d \u0160umava - foto<\/a><\/td><td class=\"column-6\"><\/td>\n<\/tr>\n<tr class=\"row-33 odd\">\n\t<td class=\"column-1\"><a href=\"https:\/\/sportsoft.cz\/cs\/zavod\/results\/7276?rid=6745&amp;eventid=4\">KP\u017d NOVA Vyso\u010dina Arena Tour<\/a><\/td><td class=\"column-2\">2022<\/td><td class=\"column-3\">11<\/td><td class=\"column-4\">5<\/td><td class=\"column-5\"><a href=\"https:\/\/www.kolopro.cz\/galerie\/detail\/nova-junior-tropy-nova-vysocina-arena-tour-2022\">KP\u017d NOVA Vyso\u010dina Arena Tour - foto<\/a><\/td><td class=\"column-6\"><\/td>\n<\/tr>\n<tr class=\"row-34 even\">\n\t<td class=\"column-1\"><a href=\"https:\/\/sportsoft.cz\/cs\/zavod\/results\/7277?rid=6752&amp;eventid=4\">KP\u017d Manitou \u017delezn\u00e9 hory CARDION<\/a><\/td><td class=\"column-2\">2022<\/td><td class=\"column-3\">8<\/td><td class=\"column-4\">3<\/td><td class=\"column-5\"><a href=\"https:\/\/www.kolopro.cz\/galerie\/detail\/nova-junior-trophy-manitou-zelezne-hory-cardion-2022\">KP\u017d Manitou \u017delezn\u00e9 hory CARDION - foto<\/a><\/td><td class=\"column-6\"><\/td>\n<\/tr>\n<tr class=\"row-35 odd\">\n\t<td class=\"column-1\"><a href=\"https:\/\/www.sport-base.cz\/vysledky\/2022\/z-juniorcup-22?flt%5Btrat%5D=DE&amp;flt%5Bpohl%5D=%C5%BEena&amp;flt%5Bkat%5D=&amp;flt%5Bprijm%5D=&amp;flt%5Bsc%5D=\">Junior Cup<\/a><\/td><td class=\"column-2\">2022<\/td><td class=\"column-3\">7<\/td><td class=\"column-4\">2<\/td><td class=\"column-5\"><a href=\"https:\/\/juniorcup.net\/\">Junior Cup - foto<\/a><\/td><td class=\"column-6\"><\/td>\n<\/tr>\n<tr class=\"row-36 even\">\n\t<td class=\"column-1\"><a href=\"https:\/\/sportsoft.cz\/cs\/zavod\/results\/7278?rid=6809&amp;eventid=4\">KP\u017d Znojmo Bur\u010d\u00e1k Tour Kooperativy<\/a><\/td><td class=\"column-2\">2022<\/td><td class=\"column-3\">13<\/td><td class=\"column-4\">5<\/td><td class=\"column-5\"><a href=\"https:\/\/www.kolopro.cz\/galerie\/detail\/nova-junior-trophy-znojmo-burcak-tour-kooperativy-2022\">KP\u017d Znojmo Bur\u010d\u00e1k Tour Kooperativy - foto<\/a><\/td><td class=\"column-6\"><\/td>\n<\/tr>\n<tr class=\"row-37 odd\">\n\t<td class=\"column-1\"><a href=\"https:\/\/sportsoft.cz\/cs\/zavod\/results\/7270?rid=6515&amp;eventid=4\">KP\u017d Bikemaraton Beroun Kooperativy<\/a><\/td><td class=\"column-2\">2022<\/td><td class=\"column-3\">9<\/td><td class=\"column-4\">4<\/td><td class=\"column-5\"><a href=\"https:\/\/www.kolopro.cz\/galerie\/detail\/nova-junior-trophy-bikemaraton-beroun-kooperativy-2022\">KP\u017d Bikemaraton Beroun Kooperativy - foto<\/a><\/td><td class=\"column-6\"><\/td>\n<\/tr>\n<tr class=\"row-38 even\">\n\t<td class=\"column-1\"><a href=\"https:\/\/www.iprimacup.cz\/23-hk\/\">Prima Cup Hradec Kr\u00e1lov\u00e9<\/a><\/td><td class=\"column-2\">2023<\/td><td class=\"column-3\">13<\/td><td class=\"column-4\">2<\/td><td class=\"column-5\"><\/td><td class=\"column-6\"><a href=\"https:\/\/results.onlinesystem.cz\/ResultsDetail\/Index\/?id=2737&amp;trackId=7028&amp;split=0\">Prima Cup Hradec Kr\u00e1lov\u00e9<\/a><\/td>\n<\/tr>\n<tr class=\"row-39 odd\">\n\t<td class=\"column-1\"><a href=\"https:\/\/www.iprimacup.cz\/23-sh\/\">Prima Cup Stolov\u00e9 hory<\/a><\/td><td class=\"column-2\">2023<\/td><td class=\"column-3\">2<\/td><td class=\"column-4\">2<\/td><td class=\"column-5\"><\/td><td class=\"column-6\"><a href=\"https:\/\/results.onlinesystem.cz\/ResultsDetail\/Index\/?id=2738&amp;trackId=7107&amp;split=0\">Prima Cup Stolov\u00e9 hory<\/a><\/td>\n<\/tr>\n<tr class=\"row-40 even\">\n\t<td class=\"column-1\"><a href=\"https:\/\/www.aimtecopenrace.cz\/\">AIMTEC Open Race<\/a><\/td><td class=\"column-2\">2023<\/td><td class=\"column-3\">N\/A<\/td><td class=\"column-4\">1<\/td><td class=\"column-5\"><\/td><td class=\"column-6\"><a href=\"https:\/\/sportsoft.cz\/cs\/zavod\/results\/7619?rid=7097&amp;eventid=8\">AIMTEC Open Race<\/a><\/td>\n<\/tr>\n<tr class=\"row-41 odd\">\n\t<td class=\"column-1\"><a href=\"https:\/\/www.da-ba.com\/\">DA-BA<\/a><\/td><td class=\"column-2\">2023<\/td><td class=\"column-3\">2<\/td><td class=\"column-4\">2<\/td><td class=\"column-5\"><\/td><td class=\"column-6\"><a href=\"https:\/\/www.da-ba.com\/wp-content\/uploads\/2023\/05\/2023-05-21_biky_destno-1.pdf\">DA-BA - druh\u00e9 jarn\u00ed cross country<\/a><\/td>\n<\/tr>\n<tr class=\"row-42 even\">\n\t<td class=\"column-1\"><a href=\"https:\/\/www.cyklomaratontour.cz\/\">Cyklomaraton Hradec Kr\u00e1lov\u00e9<\/a><\/td><td class=\"column-2\">2023<\/td><td class=\"column-3\">8<\/td><td class=\"column-4\">3<\/td><td class=\"column-5\"><\/td><td class=\"column-6\"><a href=http:\/\/www.cyklomaratontour.cz\/vysledky\/2023\/z-hradec-kralove-deti?flt%5Bpohl%5D=&amp;flt%5Bkat%5D=A2_DZ8&amp;flt%5Bprijm%5D=&amp;flt%5Bteam%5D=&amp;flt%5Bid%5D=>Cyklomaraton Hradec Kr\u00e1lov\u00e9 - v\u00fdsledky<\/a><\/td>\n<\/tr>\n<tr class=\"row-43 odd\">\n\t<td class=\"column-1\"><a href=\"https:\/\/www.iprimacup.cz\/23-sa\/\">PrimaCup S\u00e1zava<\/a><\/td><td class=\"column-2\">2023<\/td><td class=\"column-3\">9<\/td><td class=\"column-4\">3<\/td><td class=\"column-5\"><\/td><td class=\"column-6\"><a href=\"https:\/\/results.onlinesystem.cz\/ResultsDetail\/Index\/?id=2740&amp;trackId=7218&amp;split=0\">PrimaCup S\u00e1zava - v\u00fdsledky<\/a><\/td>\n<\/tr>\n<\/tbody>\n<\/table>\n<!-- #tablepress-2 from cache -->\n","protected":false},"excerpt":{"rendered":"<p>Stellinka se z\u00fa\u010dastnila t\u011bchto z\u00e1vod\u016f: Author \u010cesk\u00fd r\u00e1j \u2013 Bran\u017ee\u017e KP\u017d Karl\u0161tejn KP\u017d Mlad\u00e1 Boleslav Author Bezd\u011bz KP\u017d Orl\u00edk KP\u017d Brdy Junior Cup Hradec Kr\u00e1lov\u00e9 KP\u017d Znojmo NovaCup Mikulov Tabulka n\u00ed\u017ee p\u0159ehledn\u011b ukazuje p\u0159ehled v\u00fdsledk\u016f (Junior Cup Hradec Kr\u00e1lov\u00e9 a &hellip; <a href=\"https:\/\/www.smidpetr.eu\/WPress\/prehled-zavodu\/\">Cel\u00fd p\u0159\u00edsp\u011bvek <span class=\"meta-nav\">&rarr;<\/span><\/a><\/p>\n","protected":false},"author":1,"featured_media":219,"parent":0,"menu_order":0,"comment_status":"closed","ping_status":"closed","template":"","meta":[],"_links":{"self":[{"href":"https:\/\/www.smidpetr.eu\/WPress\/wp-json\/wp\/v2\/pages\/170"}],"collection":[{"href":"https:\/\/www.smidpetr.eu\/WPress\/wp-json\/wp\/v2\/pages"}],"about":[{"href":"https:\/\/www.smidpetr.eu\/WPress\/wp-json\/wp\/v2\/types\/page"}],"author":[{"embeddable":true,"href":"https:\/\/www.smidpetr.eu\/WPress\/wp-json\/wp\/v2\/users\/1"}],"replies":[{"embeddable":true,"href":"https:\/\/www.smidpetr.eu\/WPress\/wp-json\/wp\/v2\/comments?post=170"}],"version-history":[{"count":17,"href":"https:\/\/www.smidpetr.eu\/WPress\/wp-json\/wp\/v2\/pages\/170\/revisions"}],"predecessor-version":[{"id":279,"href":"https:\/\/www.smidpetr.eu\/WPress\/wp-json\/wp\/v2\/pages\/170\/revisions\/279"}],"wp:featuredmedia":[{"embeddable":true,"href":"https:\/\/www.smidpetr.eu\/WPress\/wp-json\/wp\/v2\/media\/219"}],"wp:attachment":[{"href":"https:\/\/www.smidpetr.eu\/WPress\/wp-json\/wp\/v2\/media?parent=170"}],"curies":[{"name":"wp","href":"https:\/\/api.w.org\/{rel}","templated":true}]}}