{"id":128,"date":"2019-04-01T22:12:49","date_gmt":"2019-04-01T20:12:49","guid":{"rendered":"http:\/\/www.smidpetr.eu\/WPress\/?page_id=128"},"modified":"2019-12-07T22:38:55","modified_gmt":"2019-12-07T20:38:55","slug":"stellinka","status":"publish","type":"page","link":"https:\/\/www.smidpetr.eu\/WPress\/stellinka\/","title":{"rendered":"Stellinka :-)"},"content":{"rendered":"\n<div class=\"wp-block-image is-style-default\"><figure class=\"aligncenter size-large is-resized\"><img decoding=\"async\" loading=\"lazy\" src=\"http:\/\/www.smidpetr.eu\/WPress\/wp-content\/uploads\/2019\/12\/stellinka1.jpg\" alt=\"\" class=\"wp-image-231\" width=\"428\" height=\"399\" srcset=\"https:\/\/www.smidpetr.eu\/WPress\/wp-content\/uploads\/2019\/12\/stellinka1.jpg 800w, https:\/\/www.smidpetr.eu\/WPress\/wp-content\/uploads\/2019\/12\/stellinka1-300x280.jpg 300w, https:\/\/www.smidpetr.eu\/WPress\/wp-content\/uploads\/2019\/12\/stellinka1-768x717.jpg 768w\" sizes=\"(max-width: 428px) 100vw, 428px\" \/><\/figure><\/div>\n\n\n\n<p><\/p>\n\n\n\n<p><\/p>\n\n\n\n<p>V posledn\u00ed dob\u011b m\u00e1me s man\u017eelkou Luci\u00ed obrovskou radost, proto\u017ee se roz\u0161\u00ed\u0159ily na\u0161e rodinn\u00e9 \u0159ady. V sobotu 11.7.2015 v 10:45 se ve Vinohradsk\u00e9 nemocnici narodila na\u0161e kr\u00e1sn\u00e1 dceru\u0161ka Stellinka (ofic\u00e1ln\u00ed jm\u00e9no Stella \u0160m\u00eddov\u00e1). Stellinka p\u0159i porodu v\u00e1\u017eila 3200 gram\u016f a m\u011b\u0159ila 51 cm. Stellinka je v po\u0159\u00e1dku a zdrav\u00e1, co\u017e n\u00e1s t\u011b\u0161\u00ed \u00fapln\u011b nejv\u00edce. <\/p>\n\n\n\n<p>V t\u00e9to tabulce jsou vid\u011bt m\u00edry Stellinky, jak rostla po narozen\u00ed b\u011bhem prvn\u00edho roku:<\/p>\n\n\n\n<table border='2' style='text-align:center; border-style: solid;'>\r\n<tr style='font-size: 18px; text-style: bold;'>\r\n<th>Datum kontroly<\/th>\r\n<th>V\u00e1ha<\/th>\r\n<th>V\u00fd\u0161ka<\/th>\r\n<\/tr><tr font-size: 15px><td>2015-07-11<\/td><td>3200<\/td><td>51<\/td><\/tr><tr font-size: 15px><td>2015-07-15<\/td><td>3020<\/td><td>0<\/td><\/tr><tr font-size: 15px><td>2015-08-19<\/td><td>4320<\/td><td>55<\/td><\/tr><tr font-size: 15px><td>2015-09-14<\/td><td>4980<\/td><td>56<\/td><\/tr><tr font-size: 15px><td>2015-10-12<\/td><td>5680<\/td><td>59<\/td><\/tr><tr font-size: 15px><td>2015-11-26<\/td><td>6440<\/td><td>64<\/td><\/tr><tr font-size: 15px><td>2016-01-18<\/td><td>7160<\/td><td>67<\/td><\/tr><tr font-size: 15px><td>2016-03-04<\/td><td>7900<\/td><td>69<\/td><\/tr><\/table>\n\n\n\n<p>Stellinka je u\u017e tak\u00e9 velk\u00e1 z\u00e1vodnice. V leto\u0161n\u00edm roce u\u017e m\u00e1 za sebou prvn\u00ed \u00fasp\u011bchy. P\u0159ehled jej\u00edch v\u00fdsledk\u016f je <a href=\"https:\/\/www.smidpetr.eu\/WPress\/prehled-zavodu\/\">zde<\/a>. <\/p>\n\n\n\n<p>V roce 2019 se ji\u017e nau\u010dila i na klasick\u00e9m kole, kdy se u\u017e z\u00fa\u010dastnila i z\u00e1vodu na klasick\u00fdch kolech. <\/p>\n","protected":false},"excerpt":{"rendered":"<p>V posledn\u00ed dob\u011b m\u00e1me s man\u017eelkou Luci\u00ed obrovskou radost, proto\u017ee se roz\u0161\u00ed\u0159ily na\u0161e rodinn\u00e9 \u0159ady. V sobotu 11.7.2015 v 10:45 se ve Vinohradsk\u00e9 nemocnici narodila na\u0161e kr\u00e1sn\u00e1 dceru\u0161ka Stellinka (ofic\u00e1ln\u00ed jm\u00e9no Stella \u0160m\u00eddov\u00e1). Stellinka p\u0159i porodu v\u00e1\u017eila 3200 gram\u016f a &hellip; <a href=\"https:\/\/www.smidpetr.eu\/WPress\/stellinka\/\">Cel\u00fd p\u0159\u00edsp\u011bvek <span class=\"meta-nav\">&rarr;<\/span><\/a><\/p>\n","protected":false},"author":1,"featured_media":242,"parent":0,"menu_order":0,"comment_status":"open","ping_status":"closed","template":"","meta":[],"_links":{"self":[{"href":"https:\/\/www.smidpetr.eu\/WPress\/wp-json\/wp\/v2\/pages\/128"}],"collection":[{"href":"https:\/\/www.smidpetr.eu\/WPress\/wp-json\/wp\/v2\/pages"}],"about":[{"href":"https:\/\/www.smidpetr.eu\/WPress\/wp-json\/wp\/v2\/types\/page"}],"author":[{"embeddable":true,"href":"https:\/\/www.smidpetr.eu\/WPress\/wp-json\/wp\/v2\/users\/1"}],"replies":[{"embeddable":true,"href":"https:\/\/www.smidpetr.eu\/WPress\/wp-json\/wp\/v2\/comments?post=128"}],"version-history":[{"count":12,"href":"https:\/\/www.smidpetr.eu\/WPress\/wp-json\/wp\/v2\/pages\/128\/revisions"}],"predecessor-version":[{"id":237,"href":"https:\/\/www.smidpetr.eu\/WPress\/wp-json\/wp\/v2\/pages\/128\/revisions\/237"}],"wp:featuredmedia":[{"embeddable":true,"href":"https:\/\/www.smidpetr.eu\/WPress\/wp-json\/wp\/v2\/media\/242"}],"wp:attachment":[{"href":"https:\/\/www.smidpetr.eu\/WPress\/wp-json\/wp\/v2\/media?parent=128"}],"curies":[{"name":"wp","href":"https:\/\/api.w.org\/{rel}","templated":true}]}}